{"id":10,"date":"2018-10-16T13:11:12","date_gmt":"2018-10-16T16:11:12","guid":{"rendered":"https:\/\/dhmserv.com.br\/index.php\/services\/"},"modified":"2024-11-26T20:42:10","modified_gmt":"2024-11-26T23:42:10","slug":"services","status":"publish","type":"page","link":"https:\/\/dhmserv.com.br\/index.php\/services\/","title":{"rendered":"Servi\u00e7os"},"content":{"rendered":"\t\t<div data-elementor-type=\"wp-post\" data-elementor-id=\"10\" class=\"elementor elementor-10\" data-elementor-post-type=\"page\">\n\t\t\t\t<div class=\"elementor-element elementor-element-79ab60f e-flex e-con-boxed e-con e-parent\" data-id=\"79ab60f\" data-element_type=\"container\" data-e-type=\"container\">\n\t\t\t\t\t<div class=\"e-con-inner\">\n\t\t\t\t\t<\/div>\n\t\t\t\t<\/div>\n\t\t\t\t<section class=\"elementor-section elementor-top-section elementor-element elementor-element-1bc174f1 elementor-section-content-bottom elementor-section-boxed elementor-section-height-default elementor-section-height-default\" data-id=\"1bc174f1\" data-element_type=\"section\" data-e-type=\"section\" data-settings=\"{&quot;background_background&quot;:&quot;classic&quot;}\">\n\t\t\t\t\t\t\t<div class=\"elementor-background-overlay\"><\/div>\n\t\t\t\t\t\t\t<div class=\"elementor-container elementor-column-gap-no\">\n\t\t\t\t\t<div class=\"elementor-column elementor-col-50 elementor-top-column elementor-element elementor-element-1004c4f3\" data-id=\"1004c4f3\" data-element_type=\"column\" data-e-type=\"column\">\n\t\t\t<div class=\"elementor-widget-wrap elementor-element-populated\">\n\t\t\t\t\t\t<div class=\"elementor-element elementor-element-3a868b20 elementor-widget elementor-widget-heading\" data-id=\"3a868b20\" data-element_type=\"widget\" data-e-type=\"widget\" data-widget_type=\"heading.default\">\n\t\t\t\t\t<h1 class=\"elementor-heading-title elementor-size-default\">Servi\u00e7os<\/h1>\t\t\t\t<\/div>\n\t\t\t\t\t<\/div>\n\t\t<\/div>\n\t\t\t\t<div class=\"elementor-column elementor-col-50 elementor-top-column elementor-element elementor-element-11eee6ce\" data-id=\"11eee6ce\" data-element_type=\"column\" data-e-type=\"column\">\n\t\t\t<div class=\"elementor-widget-wrap elementor-element-populated\">\n\t\t\t\t\t\t<div class=\"elementor-element elementor-element-435b23d elementor-widget elementor-widget-heading\" data-id=\"435b23d\" data-element_type=\"widget\" data-e-type=\"widget\" data-widget_type=\"heading.default\">\n\t\t\t\t\t<h2 class=\"elementor-heading-title elementor-size-default\">Agende j\u00e1 seu or\u00e7amento gratuito<\/h2>\t\t\t\t<\/div>\n\t\t\t\t<div class=\"elementor-element elementor-element-24662edd elementor-align-end elementor-mobile-align-start elementor-icon-list--layout-traditional elementor-list-item-link-full_width elementor-widget elementor-widget-icon-list\" data-id=\"24662edd\" data-element_type=\"widget\" data-e-type=\"widget\" data-widget_type=\"icon-list.default\">\n\t\t\t\t\t\t\t<ul class=\"elementor-icon-list-items\">\n\t\t\t\t\t\t\t<li class=\"elementor-icon-list-item\">\n\t\t\t\t\t\t\t\t\t\t\t<span class=\"elementor-icon-list-icon\">\n\t\t\t\t\t\t\t<svg aria-hidden=\"true\" class=\"e-font-icon-svg e-fas-phone\" viewBox=\"0 0 512 512\" xmlns=\"http:\/\/www.w3.org\/2000\/svg\"><path d=\"M493.4 24.6l-104-24c-11.3-2.6-22.9 3.3-27.5 13.9l-48 112c-4.2 9.8-1.4 21.3 6.9 28l60.6 49.6c-36 76.7-98.9 140.5-177.2 177.2l-49.6-60.6c-6.8-8.3-18.2-11.1-28-6.9l-112 48C3.9 366.5-2 378.1.6 389.4l24 104C27.1 504.2 36.7 512 48 512c256.1 0 464-207.5 464-464 0-11.2-7.7-20.9-18.6-23.4z\"><\/path><\/svg>\t\t\t\t\t\t<\/span>\n\t\t\t\t\t\t\t\t\t\t<span class=\"elementor-icon-list-text\">81 9 9812 6907<\/span>\n\t\t\t\t\t\t\t\t\t<\/li>\n\t\t\t\t\t\t<\/ul>\n\t\t\t\t\t\t<\/div>\n\t\t\t\t<div class=\"elementor-element elementor-element-0492b28 elementor-align-end elementor-mobile-align-start elementor-icon-list--layout-traditional elementor-list-item-link-full_width elementor-widget elementor-widget-icon-list\" data-id=\"0492b28\" data-element_type=\"widget\" data-e-type=\"widget\" data-widget_type=\"icon-list.default\">\n\t\t\t\t\t\t\t<ul class=\"elementor-icon-list-items\">\n\t\t\t\t\t\t\t<li class=\"elementor-icon-list-item\">\n\t\t\t\t\t\t\t\t\t\t\t<span class=\"elementor-icon-list-icon\">\n\t\t\t\t\t\t\t<svg aria-hidden=\"true\" class=\"e-font-icon-svg e-fas-phone\" viewBox=\"0 0 512 512\" xmlns=\"http:\/\/www.w3.org\/2000\/svg\"><path d=\"M493.4 24.6l-104-24c-11.3-2.6-22.9 3.3-27.5 13.9l-48 112c-4.2 9.8-1.4 21.3 6.9 28l60.6 49.6c-36 76.7-98.9 140.5-177.2 177.2l-49.6-60.6c-6.8-8.3-18.2-11.1-28-6.9l-112 48C3.9 366.5-2 378.1.6 389.4l24 104C27.1 504.2 36.7 512 48 512c256.1 0 464-207.5 464-464 0-11.2-7.7-20.9-18.6-23.4z\"><\/path><\/svg>\t\t\t\t\t\t<\/span>\n\t\t\t\t\t\t\t\t\t\t<span class=\"elementor-icon-list-text\">81 9 9696 1127<\/span>\n\t\t\t\t\t\t\t\t\t<\/li>\n\t\t\t\t\t\t<\/ul>\n\t\t\t\t\t\t<\/div>\n\t\t\t\t\t<\/div>\n\t\t<\/div>\n\t\t\t\t\t<\/div>\n\t\t<\/section>\n\t\t<div class=\"elementor-element elementor-element-49140c9 e-grid e-con-boxed e-con e-parent\" data-id=\"49140c9\" data-element_type=\"container\" data-e-type=\"container\">\n\t\t\t\t\t<div class=\"e-con-inner\">\n\t\t\t\t<div class=\"elementor-element elementor-element-4888962 elementor-widget elementor-widget-image\" data-id=\"4888962\" data-element_type=\"widget\" data-e-type=\"widget\" data-widget_type=\"image.default\">\n\t\t\t\t\t\t\t\t\t\t\t\t\t\t\t<img fetchpriority=\"high\" decoding=\"async\" width=\"300\" height=\"300\" src=\"https:\/\/dhmserv.com.br\/wp-content\/uploads\/2024\/11\/Moto-Perkins-02-300x300.png\" class=\"attachment-medium size-medium wp-image-2590\" alt=\"\" srcset=\"https:\/\/dhmserv.com.br\/wp-content\/uploads\/2024\/11\/Moto-Perkins-02-300x300.png 300w, https:\/\/dhmserv.com.br\/wp-content\/uploads\/2024\/11\/Moto-Perkins-02-150x150.png 150w, https:\/\/dhmserv.com.br\/wp-content\/uploads\/2024\/11\/Moto-Perkins-02-768x768.png 768w, https:\/\/dhmserv.com.br\/wp-content\/uploads\/2024\/11\/Moto-Perkins-02.png 800w\" sizes=\"(max-width: 300px) 100vw, 300px\" \/>\t\t\t\t\t\t\t\t\t\t\t\t\t\t\t<\/div>\n\t\t\t\t<div class=\"elementor-element elementor-element-22ee458 elementor-widget elementor-widget-image\" data-id=\"22ee458\" data-element_type=\"widget\" data-e-type=\"widget\" data-widget_type=\"image.default\">\n\t\t\t\t\t\t\t\t\t\t\t\t\t\t\t<img decoding=\"async\" width=\"300\" height=\"300\" src=\"https:\/\/dhmserv.com.br\/wp-content\/uploads\/2024\/11\/Moto-Perkins-01-300x300.png\" class=\"attachment-medium size-medium wp-image-2589\" alt=\"\" srcset=\"https:\/\/dhmserv.com.br\/wp-content\/uploads\/2024\/11\/Moto-Perkins-01-300x300.png 300w, https:\/\/dhmserv.com.br\/wp-content\/uploads\/2024\/11\/Moto-Perkins-01-150x150.png 150w, https:\/\/dhmserv.com.br\/wp-content\/uploads\/2024\/11\/Moto-Perkins-01-768x768.png 768w, https:\/\/dhmserv.com.br\/wp-content\/uploads\/2024\/11\/Moto-Perkins-01.png 800w\" sizes=\"(max-width: 300px) 100vw, 300px\" \/>\t\t\t\t\t\t\t\t\t\t\t\t\t\t\t<\/div>\n\t\t\t\t<div class=\"elementor-element elementor-element-6a83c3b elementor-widget elementor-widget-image\" data-id=\"6a83c3b\" data-element_type=\"widget\" data-e-type=\"widget\" data-widget_type=\"image.default\">\n\t\t\t\t\t\t\t\t\t\t\t\t\t\t\t<img decoding=\"async\" width=\"300\" height=\"300\" src=\"https:\/\/dhmserv.com.br\/wp-content\/uploads\/2024\/11\/Moto-Perkins-03-300x300.png\" class=\"attachment-medium size-medium wp-image-2591\" alt=\"\" srcset=\"https:\/\/dhmserv.com.br\/wp-content\/uploads\/2024\/11\/Moto-Perkins-03-300x300.png 300w, https:\/\/dhmserv.com.br\/wp-content\/uploads\/2024\/11\/Moto-Perkins-03-150x150.png 150w, https:\/\/dhmserv.com.br\/wp-content\/uploads\/2024\/11\/Moto-Perkins-03-768x768.png 768w, https:\/\/dhmserv.com.br\/wp-content\/uploads\/2024\/11\/Moto-Perkins-03.png 800w\" sizes=\"(max-width: 300px) 100vw, 300px\" \/>\t\t\t\t\t\t\t\t\t\t\t\t\t\t\t<\/div>\n\t\t\t\t<div class=\"elementor-element elementor-element-6018616 elementor-widget elementor-widget-image\" data-id=\"6018616\" data-element_type=\"widget\" data-e-type=\"widget\" data-widget_type=\"image.default\">\n\t\t\t\t\t\t\t\t\t\t\t\t\t\t\t<img loading=\"lazy\" decoding=\"async\" width=\"300\" height=\"300\" src=\"https:\/\/dhmserv.com.br\/wp-content\/uploads\/2024\/11\/Moto-Perkins-04-300x300.png\" class=\"attachment-medium size-medium wp-image-2592\" alt=\"\" srcset=\"https:\/\/dhmserv.com.br\/wp-content\/uploads\/2024\/11\/Moto-Perkins-04-300x300.png 300w, https:\/\/dhmserv.com.br\/wp-content\/uploads\/2024\/11\/Moto-Perkins-04-150x150.png 150w, https:\/\/dhmserv.com.br\/wp-content\/uploads\/2024\/11\/Moto-Perkins-04-768x768.png 768w, https:\/\/dhmserv.com.br\/wp-content\/uploads\/2024\/11\/Moto-Perkins-04.png 800w\" sizes=\"(max-width: 300px) 100vw, 300px\" \/>\t\t\t\t\t\t\t\t\t\t\t\t\t\t\t<\/div>\n\t\t\t\t\t<\/div>\n\t\t\t\t<\/div>\n\t\t<div class=\"elementor-element elementor-element-a1dd1ad e-flex e-con-boxed e-con e-parent\" data-id=\"a1dd1ad\" data-element_type=\"container\" data-e-type=\"container\">\n\t\t\t\t\t<div class=\"e-con-inner\">\n\t\t<div class=\"elementor-element elementor-element-2f45c23 e-con-full e-flex e-con e-child\" data-id=\"2f45c23\" data-element_type=\"container\" data-e-type=\"container\">\n\t\t\t\t<div class=\"elementor-element elementor-element-f9666d8 elementor-position-top elementor-widget elementor-widget-image-box\" data-id=\"f9666d8\" data-element_type=\"widget\" data-e-type=\"widget\" data-widget_type=\"image-box.default\">\n\t\t\t\t\t<div class=\"elementor-image-box-wrapper\"><figure class=\"elementor-image-box-img\"><img loading=\"lazy\" decoding=\"async\" width=\"1000\" height=\"1000\" src=\"https:\/\/dhmserv.com.br\/wp-content\/uploads\/2024\/11\/2-9030ef61-02.jpg\" class=\"attachment-full size-full wp-image-2612\" alt=\"\" srcset=\"https:\/\/dhmserv.com.br\/wp-content\/uploads\/2024\/11\/2-9030ef61-02.jpg 1000w, https:\/\/dhmserv.com.br\/wp-content\/uploads\/2024\/11\/2-9030ef61-02-300x300.jpg 300w, https:\/\/dhmserv.com.br\/wp-content\/uploads\/2024\/11\/2-9030ef61-02-150x150.jpg 150w, https:\/\/dhmserv.com.br\/wp-content\/uploads\/2024\/11\/2-9030ef61-02-768x768.jpg 768w\" sizes=\"(max-width: 1000px) 100vw, 1000px\" \/><\/figure><div class=\"elementor-image-box-content\"><h3 class=\"elementor-image-box-title\">Cortadora de pavimentos <\/h3><\/div><\/div>\t\t\t\t<\/div>\n\t\t\t\t<\/div>\n\t\t<div class=\"elementor-element elementor-element-fe2462e e-con-full e-flex e-con e-child\" data-id=\"fe2462e\" data-element_type=\"container\" data-e-type=\"container\">\n\t\t\t\t<div class=\"elementor-element elementor-element-6e27c81 elementor-position-top elementor-widget elementor-widget-image-box\" data-id=\"6e27c81\" data-element_type=\"widget\" data-e-type=\"widget\" data-widget_type=\"image-box.default\">\n\t\t\t\t\t<div class=\"elementor-image-box-wrapper\"><figure class=\"elementor-image-box-img\"><img loading=\"lazy\" decoding=\"async\" width=\"1000\" height=\"1000\" src=\"https:\/\/dhmserv.com.br\/wp-content\/uploads\/2024\/11\/2-0efa26c5-02.png\" class=\"attachment-full size-full wp-image-2611\" alt=\"\" srcset=\"https:\/\/dhmserv.com.br\/wp-content\/uploads\/2024\/11\/2-0efa26c5-02.png 1000w, https:\/\/dhmserv.com.br\/wp-content\/uploads\/2024\/11\/2-0efa26c5-02-300x300.png 300w, https:\/\/dhmserv.com.br\/wp-content\/uploads\/2024\/11\/2-0efa26c5-02-150x150.png 150w, https:\/\/dhmserv.com.br\/wp-content\/uploads\/2024\/11\/2-0efa26c5-02-768x768.png 768w\" sizes=\"(max-width: 1000px) 100vw, 1000px\" \/><\/figure><div class=\"elementor-image-box-content\"><h3 class=\"elementor-image-box-title\">Compressor de ar<\/h3><\/div><\/div>\t\t\t\t<\/div>\n\t\t\t\t<\/div>\n\t\t<div class=\"elementor-element elementor-element-e68b846 e-con-full e-flex e-con e-child\" data-id=\"e68b846\" data-element_type=\"container\" data-e-type=\"container\">\n\t\t\t\t<div class=\"elementor-element elementor-element-e02c670 elementor-position-top elementor-widget elementor-widget-image-box\" data-id=\"e02c670\" data-element_type=\"widget\" data-e-type=\"widget\" data-widget_type=\"image-box.default\">\n\t\t\t\t\t<div class=\"elementor-image-box-wrapper\"><figure class=\"elementor-image-box-img\"><img loading=\"lazy\" decoding=\"async\" width=\"1000\" height=\"1000\" src=\"https:\/\/dhmserv.com.br\/wp-content\/uploads\/2024\/11\/1-3bc19c7d-02.jpg\" class=\"attachment-full size-full wp-image-2609\" alt=\"\" srcset=\"https:\/\/dhmserv.com.br\/wp-content\/uploads\/2024\/11\/1-3bc19c7d-02.jpg 1000w, https:\/\/dhmserv.com.br\/wp-content\/uploads\/2024\/11\/1-3bc19c7d-02-300x300.jpg 300w, https:\/\/dhmserv.com.br\/wp-content\/uploads\/2024\/11\/1-3bc19c7d-02-150x150.jpg 150w, https:\/\/dhmserv.com.br\/wp-content\/uploads\/2024\/11\/1-3bc19c7d-02-768x768.jpg 768w\" sizes=\"(max-width: 1000px) 100vw, 1000px\" \/><\/figure><div class=\"elementor-image-box-content\"><h3 class=\"elementor-image-box-title\">Compressores de ar port\u00e1teis<\/h3><\/div><\/div>\t\t\t\t<\/div>\n\t\t\t\t<\/div>\n\t\t<div class=\"elementor-element elementor-element-8f43932 e-con-full e-flex e-con e-child\" data-id=\"8f43932\" data-element_type=\"container\" data-e-type=\"container\">\n\t\t\t\t<div class=\"elementor-element elementor-element-0b8c8c1 elementor-position-top elementor-widget elementor-widget-image-box\" data-id=\"0b8c8c1\" data-element_type=\"widget\" data-e-type=\"widget\" data-widget_type=\"image-box.default\">\n\t\t\t\t\t<div class=\"elementor-image-box-wrapper\"><figure class=\"elementor-image-box-img\"><img loading=\"lazy\" decoding=\"async\" width=\"1000\" height=\"1000\" src=\"https:\/\/dhmserv.com.br\/wp-content\/uploads\/2024\/11\/3-9030ef61-02.png\" class=\"attachment-full size-full wp-image-2614\" alt=\"\" srcset=\"https:\/\/dhmserv.com.br\/wp-content\/uploads\/2024\/11\/3-9030ef61-02.png 1000w, https:\/\/dhmserv.com.br\/wp-content\/uploads\/2024\/11\/3-9030ef61-02-300x300.png 300w, https:\/\/dhmserv.com.br\/wp-content\/uploads\/2024\/11\/3-9030ef61-02-150x150.png 150w, https:\/\/dhmserv.com.br\/wp-content\/uploads\/2024\/11\/3-9030ef61-02-768x768.png 768w\" sizes=\"(max-width: 1000px) 100vw, 1000px\" \/><\/figure><div class=\"elementor-image-box-content\"><h3 class=\"elementor-image-box-title\">Painel ats para gerador<\/h3><\/div><\/div>\t\t\t\t<\/div>\n\t\t\t\t<div class=\"elementor-element elementor-element-6d670ed elementor-position-top elementor-widget elementor-widget-image-box\" data-id=\"6d670ed\" data-element_type=\"widget\" data-e-type=\"widget\" data-widget_type=\"image-box.default\">\n\t\t\t\t\t<div class=\"elementor-image-box-wrapper\"><figure class=\"elementor-image-box-img\"><img loading=\"lazy\" decoding=\"async\" width=\"1000\" height=\"1000\" src=\"https:\/\/dhmserv.com.br\/wp-content\/uploads\/2024\/11\/4-9030ef61-02.png\" class=\"attachment-full size-full wp-image-2615\" alt=\"\" srcset=\"https:\/\/dhmserv.com.br\/wp-content\/uploads\/2024\/11\/4-9030ef61-02.png 1000w, https:\/\/dhmserv.com.br\/wp-content\/uploads\/2024\/11\/4-9030ef61-02-300x300.png 300w, https:\/\/dhmserv.com.br\/wp-content\/uploads\/2024\/11\/4-9030ef61-02-150x150.png 150w, https:\/\/dhmserv.com.br\/wp-content\/uploads\/2024\/11\/4-9030ef61-02-768x768.png 768w\" sizes=\"(max-width: 1000px) 100vw, 1000px\" \/><\/figure><div class=\"elementor-image-box-content\"><h3 class=\"elementor-image-box-title\">Placa vibrat\u00f3ria<\/h3><\/div><\/div>\t\t\t\t<\/div>\n\t\t\t\t<\/div>\n\t\t<div class=\"elementor-element elementor-element-9d13c5e e-con-full e-flex e-con e-child\" data-id=\"9d13c5e\" data-element_type=\"container\" data-e-type=\"container\">\n\t\t\t\t<div class=\"elementor-element elementor-element-78aa579 elementor-position-top elementor-widget elementor-widget-image-box\" data-id=\"78aa579\" data-element_type=\"widget\" data-e-type=\"widget\" data-widget_type=\"image-box.default\">\n\t\t\t\t\t<div class=\"elementor-image-box-wrapper\"><figure class=\"elementor-image-box-img\"><img loading=\"lazy\" decoding=\"async\" width=\"1000\" height=\"1000\" src=\"https:\/\/dhmserv.com.br\/wp-content\/uploads\/2024\/11\/2-9030ef612.png\" class=\"attachment-full size-full wp-image-2613\" alt=\"\" srcset=\"https:\/\/dhmserv.com.br\/wp-content\/uploads\/2024\/11\/2-9030ef612.png 1000w, https:\/\/dhmserv.com.br\/wp-content\/uploads\/2024\/11\/2-9030ef612-300x300.png 300w, https:\/\/dhmserv.com.br\/wp-content\/uploads\/2024\/11\/2-9030ef612-150x150.png 150w, https:\/\/dhmserv.com.br\/wp-content\/uploads\/2024\/11\/2-9030ef612-768x768.png 768w\" sizes=\"(max-width: 1000px) 100vw, 1000px\" \/><\/figure><div class=\"elementor-image-box-content\"><h3 class=\"elementor-image-box-title\">Ro\u00e7adeira e acess\u00f3rios<\/h3><\/div><\/div>\t\t\t\t<\/div>\n\t\t\t\t<div class=\"elementor-element elementor-element-ef4ad62 elementor-position-top elementor-widget elementor-widget-image-box\" data-id=\"ef4ad62\" data-element_type=\"widget\" data-e-type=\"widget\" data-widget_type=\"image-box.default\">\n\t\t\t\t\t<div class=\"elementor-image-box-wrapper\"><figure class=\"elementor-image-box-img\"><img loading=\"lazy\" decoding=\"async\" width=\"1000\" height=\"1000\" src=\"https:\/\/dhmserv.com.br\/wp-content\/uploads\/2024\/11\/1-0efa26c5-02.png\" class=\"attachment-full size-full wp-image-2608\" alt=\"\" srcset=\"https:\/\/dhmserv.com.br\/wp-content\/uploads\/2024\/11\/1-0efa26c5-02.png 1000w, https:\/\/dhmserv.com.br\/wp-content\/uploads\/2024\/11\/1-0efa26c5-02-300x300.png 300w, https:\/\/dhmserv.com.br\/wp-content\/uploads\/2024\/11\/1-0efa26c5-02-150x150.png 150w, https:\/\/dhmserv.com.br\/wp-content\/uploads\/2024\/11\/1-0efa26c5-02-768x768.png 768w\" sizes=\"(max-width: 1000px) 100vw, 1000px\" \/><\/figure><div class=\"elementor-image-box-content\"><h3 class=\"elementor-image-box-title\">Betoneiras<\/h3><\/div><\/div>\t\t\t\t<\/div>\n\t\t\t\t<\/div>\n\t\t<div class=\"elementor-element elementor-element-58600a9 e-con-full e-flex e-con e-child\" data-id=\"58600a9\" data-element_type=\"container\" data-e-type=\"container\">\n\t\t\t\t<div class=\"elementor-element elementor-element-e8f65bd elementor-position-top elementor-widget elementor-widget-image-box\" data-id=\"e8f65bd\" data-element_type=\"widget\" data-e-type=\"widget\" data-widget_type=\"image-box.default\">\n\t\t\t\t\t<div class=\"elementor-image-box-wrapper\"><figure class=\"elementor-image-box-img\"><img loading=\"lazy\" decoding=\"async\" width=\"1000\" height=\"1000\" src=\"https:\/\/dhmserv.com.br\/wp-content\/uploads\/2024\/11\/1-9030ef61-02.png\" class=\"attachment-full size-full wp-image-2610\" alt=\"\" srcset=\"https:\/\/dhmserv.com.br\/wp-content\/uploads\/2024\/11\/1-9030ef61-02.png 1000w, https:\/\/dhmserv.com.br\/wp-content\/uploads\/2024\/11\/1-9030ef61-02-300x300.png 300w, https:\/\/dhmserv.com.br\/wp-content\/uploads\/2024\/11\/1-9030ef61-02-150x150.png 150w, https:\/\/dhmserv.com.br\/wp-content\/uploads\/2024\/11\/1-9030ef61-02-768x768.png 768w\" sizes=\"(max-width: 1000px) 100vw, 1000px\" \/><\/figure><div class=\"elementor-image-box-content\"><h3 class=\"elementor-image-box-title\">Motosserras<\/h3><\/div><\/div>\t\t\t\t<\/div>\n\t\t\t\t<div class=\"elementor-element elementor-element-b5ec3ae elementor-position-top elementor-widget elementor-widget-image-box\" data-id=\"b5ec3ae\" data-element_type=\"widget\" data-e-type=\"widget\" data-widget_type=\"image-box.default\">\n\t\t\t\t\t<div class=\"elementor-image-box-wrapper\"><figure class=\"elementor-image-box-img\"><img loading=\"lazy\" decoding=\"async\" width=\"1000\" height=\"1000\" src=\"https:\/\/dhmserv.com.br\/wp-content\/uploads\/2024\/11\/1-75cfe50a-e1732119313949.png\" class=\"attachment-full size-full wp-image-2617\" alt=\"\" \/><\/figure><div class=\"elementor-image-box-content\"><h3 class=\"elementor-image-box-title\">Compactadores de Percuss\u00e3o<\/h3><\/div><\/div>\t\t\t\t<\/div>\n\t\t\t\t<\/div>\n\t\t\t\t\t<\/div>\n\t\t\t\t<\/div>\n\t\t\t\t<\/div>\n\t\t","protected":false},"excerpt":{"rendered":"<p>Servi\u00e7os Agende j\u00e1 seu or\u00e7amento gratuito 81 9 9812 6907 81 9 9696 1127 Cortadora de pavimentos Compressor de ar Compressores de ar port\u00e1teis Painel ats para gerador Placa vibrat\u00f3ria Ro\u00e7adeira e acess\u00f3rios Betoneiras Motosserras Compactadores de Percuss\u00e3o<\/p>\n","protected":false},"author":1,"featured_media":0,"parent":0,"menu_order":0,"comment_status":"closed","ping_status":"closed","template":"","meta":{"site-sidebar-layout":"no-sidebar","site-content-layout":"page-builder","ast-site-content-layout":"default","site-content-style":"default","site-sidebar-style":"default","ast-global-header-display":"","ast-banner-title-visibility":"","ast-main-header-display":"","ast-hfb-above-header-display":"","ast-hfb-below-header-display":"","ast-hfb-mobile-header-display":"","site-post-title":"disabled","ast-breadcrumbs-content":"","ast-featured-img":"disabled","footer-sml-layout":"","ast-disable-related-posts":"","theme-transparent-header-meta":"enabled","adv-header-id-meta":"","stick-header-meta":"","header-above-stick-meta":"","header-main-stick-meta":"","header-below-stick-meta":"","astra-migrate-meta-layouts":"default","ast-page-background-enabled":"default","ast-page-background-meta":{"desktop":{"background-color":"","background-image":"","background-repeat":"repeat","background-position":"center center","background-size":"auto","background-attachment":"scroll","background-type":"","background-media":"","overlay-type":"","overlay-color":"","overlay-opacity":"","overlay-gradient":""},"tablet":{"background-color":"","background-image":"","background-repeat":"repeat","background-position":"center center","background-size":"auto","background-attachment":"scroll","background-type":"","background-media":"","overlay-type":"","overlay-color":"","overlay-opacity":"","overlay-gradient":""},"mobile":{"background-color":"","background-image":"","background-repeat":"repeat","background-position":"center center","background-size":"auto","background-attachment":"scroll","background-type":"","background-media":"","overlay-type":"","overlay-color":"","overlay-opacity":"","overlay-gradient":""}},"ast-content-background-meta":{"desktop":{"background-color":"var(--ast-global-color-5)","background-image":"","background-repeat":"repeat","background-position":"center center","background-size":"auto","background-attachment":"scroll","background-type":"","background-media":"","overlay-type":"","overlay-color":"","overlay-opacity":"","overlay-gradient":""},"tablet":{"background-color":"var(--ast-global-color-5)","background-image":"","background-repeat":"repeat","background-position":"center center","background-size":"auto","background-attachment":"scroll","background-type":"","background-media":"","overlay-type":"","overlay-color":"","overlay-opacity":"","overlay-gradient":""},"mobile":{"background-color":"var(--ast-global-color-5)","background-image":"","background-repeat":"repeat","background-position":"center center","background-size":"auto","background-attachment":"scroll","background-type":"","background-media":"","overlay-type":"","overlay-color":"","overlay-opacity":"","overlay-gradient":""}},"footnotes":""},"class_list":["post-10","page","type-page","status-publish","hentry"],"_links":{"self":[{"href":"https:\/\/dhmserv.com.br\/index.php\/wp-json\/wp\/v2\/pages\/10","targetHints":{"allow":["GET"]}}],"collection":[{"href":"https:\/\/dhmserv.com.br\/index.php\/wp-json\/wp\/v2\/pages"}],"about":[{"href":"https:\/\/dhmserv.com.br\/index.php\/wp-json\/wp\/v2\/types\/page"}],"author":[{"embeddable":true,"href":"https:\/\/dhmserv.com.br\/index.php\/wp-json\/wp\/v2\/users\/1"}],"replies":[{"embeddable":true,"href":"https:\/\/dhmserv.com.br\/index.php\/wp-json\/wp\/v2\/comments?post=10"}],"version-history":[{"count":203,"href":"https:\/\/dhmserv.com.br\/index.php\/wp-json\/wp\/v2\/pages\/10\/revisions"}],"predecessor-version":[{"id":2646,"href":"https:\/\/dhmserv.com.br\/index.php\/wp-json\/wp\/v2\/pages\/10\/revisions\/2646"}],"wp:attachment":[{"href":"https:\/\/dhmserv.com.br\/index.php\/wp-json\/wp\/v2\/media?parent=10"}],"curies":[{"name":"wp","href":"https:\/\/api.w.org\/{rel}","templated":true}]}}